{"id":258,"date":"2018-01-22T10:17:40","date_gmt":"2018-01-22T14:17:40","guid":{"rendered":"http:\/\/ayuntamiento.o\/transparencia\/?page_id=258"},"modified":"2024-09-17T08:34:10","modified_gmt":"2024-09-17T12:34:10","slug":"responsable-de-acceso-a-la-informacion","status":"publish","type":"page","link":"https:\/\/ayuntamientoocoa.gob.do\/transparencia\/responsable-de-acceso-a-la-informacion\/","title":{"rendered":"Responsable de Acceso a la Informaci\u00f3n"},"content":{"rendered":"<h1>Responsable de Libre Acceso A la Informaci\u00f3n<\/h1>\n<p style=\"text-align: center\">\u00a0<\/p>\n<p style=\"text-align: center\">Ayuntamiento Municipal de San Jos\u00e9 de Ocoa<br \/>Oficina de Libre Acceso a la Informaci\u00f3n P\u00fablica<br \/>Contacto del RAI<\/p>\n<p style=\"text-align: center\">Nombre del RAI Maribel Batista Mej\u00eda<\/p>\n<p style=\"text-align: center\">Profesi\u00f3n del RAI T\u00e9cnica Municipal<\/p>\n<p style=\"text-align: center\">Correo electr\u00f3nico del RAI mbatistamejia@gmail.com<\/p>\n<p style=\"text-align: center\">Correo electr\u00f3nico OIAM oaiocoa@gmail.com, ayuntaocoa@yahoo.com<\/p>\n<p style=\"text-align: center\">Tel\u00e9fono de la Oficina 809 820 3541 Celular 809-816-8426<\/p>\n<p>\u00a0<\/p>\n<p>\u00a0<\/p>\n\n\n<figure class=\"wp-block-image size-large\"><img loading=\"lazy\" width=\"700\" height=\"933\" src=\"https:\/\/ayuntamientoocoa.gob.do\/transparencia\/wp-content\/uploads\/2024\/09\/informac-1-700x933.jpg\" alt=\"\" class=\"wp-image-4681\" srcset=\"https:\/\/ayuntamientoocoa.gob.do\/transparencia\/wp-content\/uploads\/2024\/09\/informac-1-700x933.jpg 700w, https:\/\/ayuntamientoocoa.gob.do\/transparencia\/wp-content\/uploads\/2024\/09\/informac-1-250x333.jpg 250w, https:\/\/ayuntamientoocoa.gob.do\/transparencia\/wp-content\/uploads\/2024\/09\/informac-1-768x1024.jpg 768w, https:\/\/ayuntamientoocoa.gob.do\/transparencia\/wp-content\/uploads\/2024\/09\/informac-1-1152x1536.jpg 1152w, https:\/\/ayuntamientoocoa.gob.do\/transparencia\/wp-content\/uploads\/2024\/09\/informac-1-120x160.jpg 120w, https:\/\/ayuntamientoocoa.gob.do\/transparencia\/wp-content\/uploads\/2024\/09\/informac-1.jpg 1200w\" sizes=\"(max-width: 700px) 100vw, 700px\" \/><\/figure>\n","protected":false},"excerpt":{"rendered":"Responsable de Libre Acceso A la Informaci\u00f3n \u00a0 Ayuntamiento Municipal de San Jos\u00e9 de OcoaOficina de Libre Acceso a la Informaci\u00f3n P\u00fablicaContacto del RAI Nombre del RAI Maribel Batista Mej\u00eda Profesi\u00f3n del RAI T\u00e9cnica Municipal Correo electr\u00f3nico del RAI mbatistamejia@gmail.com Correo electr\u00f3nico OIAM oaiocoa@gmail.com, ayuntaocoa@yahoo.com Tel\u00e9fono de la Oficina 809 820 3541 Celular 809-816-8426 \u00a0&#8230;","protected":false},"author":3,"featured_media":0,"parent":0,"menu_order":0,"comment_status":"closed","ping_status":"closed","template":"","meta":[],"_links":{"self":[{"href":"https:\/\/ayuntamientoocoa.gob.do\/transparencia\/wp-json\/wp\/v2\/pages\/258"}],"collection":[{"href":"https:\/\/ayuntamientoocoa.gob.do\/transparencia\/wp-json\/wp\/v2\/pages"}],"about":[{"href":"https:\/\/ayuntamientoocoa.gob.do\/transparencia\/wp-json\/wp\/v2\/types\/page"}],"author":[{"embeddable":true,"href":"https:\/\/ayuntamientoocoa.gob.do\/transparencia\/wp-json\/wp\/v2\/users\/3"}],"replies":[{"embeddable":true,"href":"https:\/\/ayuntamientoocoa.gob.do\/transparencia\/wp-json\/wp\/v2\/comments?post=258"}],"version-history":[{"count":4,"href":"https:\/\/ayuntamientoocoa.gob.do\/transparencia\/wp-json\/wp\/v2\/pages\/258\/revisions"}],"predecessor-version":[{"id":4682,"href":"https:\/\/ayuntamientoocoa.gob.do\/transparencia\/wp-json\/wp\/v2\/pages\/258\/revisions\/4682"}],"wp:attachment":[{"href":"https:\/\/ayuntamientoocoa.gob.do\/transparencia\/wp-json\/wp\/v2\/media?parent=258"}],"curies":[{"name":"wp","href":"https:\/\/api.w.org\/{rel}","templated":true}]}}